{"id":2,"date":"2021-04-29T21:30:43","date_gmt":"2021-04-29T21:30:43","guid":{"rendered":"http:\/\/iguana-tango.com\/\/?page_id=2"},"modified":"2021-05-06T21:22:53","modified_gmt":"2021-05-06T21:22:53","slug":"sample-page","status":"publish","type":"page","link":"http:\/\/iguana-tango.com\/?page_id=2","title":{"rendered":"QUIENES SOMOS"},"content":{"rendered":"\n<p>Iguana Tango somos una banda de pop rock en espa\u00f1ol con 25 a\u00f1os de m\u00fasica. <\/p>\n\n\n\n<figure class=\"wp-block-image size-large\"><img loading=\"lazy\" decoding=\"async\" width=\"974\" height=\"416\" src=\"http:\/\/iguana-tango.com\/wp-content\/uploads\/2021\/04\/portada-web.jpg\" alt=\"\" class=\"wp-image-12\" srcset=\"http:\/\/iguana-tango.com\/wp-content\/uploads\/2021\/04\/portada-web.jpg 974w, http:\/\/iguana-tango.com\/wp-content\/uploads\/2021\/04\/portada-web-300x128.jpg 300w, http:\/\/iguana-tango.com\/wp-content\/uploads\/2021\/04\/portada-web-768x328.jpg 768w\" sizes=\"auto, (max-width: 974px) 100vw, 974px\" \/><\/figure>\n\n\n\n<p>El 21 de Mayo lanzamos nuestro nuevo disco &#8220;Inmune&#8221;, que recoge una colecci\u00f3n de temas nuevos y cl\u00e1sicos de la banda actualizados.<\/p>\n\n\n\n<p>Esperamos que en este 2021 poder volver pronto a la normalidad y reencontrarnos con todos vosotros celebrando el poder de la m\u00fasica.<\/p>\n","protected":false},"excerpt":{"rendered":"<p>Iguana Tango somos una banda de pop rock en espa\u00f1ol con 25 a\u00f1os de m\u00fasica. El 21 de Mayo lanzamos nuestro nuevo disco &#8220;Inmune&#8221;, que recoge una colecci\u00f3n de temas<\/p>\n<p class=\"more-link\"><a href=\"http:\/\/iguana-tango.com\/?page_id=2\" class=\"readmore\">Continue reading<svg class=\"icon icon-arrow-right\" aria-hidden=\"true\" role=\"img\"> <use href=\"#icon-arrow-right\" xlink:href=\"#icon-arrow-right\"><\/use> <\/svg><span class=\"screen-reader-text\">QUIENES SOMOS<\/span><\/a><\/p>\n","protected":false},"author":1,"featured_media":0,"parent":0,"menu_order":0,"comment_status":"closed","ping_status":"open","template":"","meta":{"footnotes":""},"class_list":["post-2","page","type-page","status-publish","hentry"],"_links":{"self":[{"href":"http:\/\/iguana-tango.com\/index.php?rest_route=\/wp\/v2\/pages\/2","targetHints":{"allow":["GET"]}}],"collection":[{"href":"http:\/\/iguana-tango.com\/index.php?rest_route=\/wp\/v2\/pages"}],"about":[{"href":"http:\/\/iguana-tango.com\/index.php?rest_route=\/wp\/v2\/types\/page"}],"author":[{"embeddable":true,"href":"http:\/\/iguana-tango.com\/index.php?rest_route=\/wp\/v2\/users\/1"}],"replies":[{"embeddable":true,"href":"http:\/\/iguana-tango.com\/index.php?rest_route=%2Fwp%2Fv2%2Fcomments&post=2"}],"version-history":[{"count":2,"href":"http:\/\/iguana-tango.com\/index.php?rest_route=\/wp\/v2\/pages\/2\/revisions"}],"predecessor-version":[{"id":49,"href":"http:\/\/iguana-tango.com\/index.php?rest_route=\/wp\/v2\/pages\/2\/revisions\/49"}],"wp:attachment":[{"href":"http:\/\/iguana-tango.com\/index.php?rest_route=%2Fwp%2Fv2%2Fmedia&parent=2"}],"curies":[{"name":"wp","href":"https:\/\/api.w.org\/{rel}","templated":true}]}}