{"id":40,"date":"2021-05-06T21:13:27","date_gmt":"2021-05-06T21:13:27","guid":{"rendered":"http:\/\/iguana-tango.com\/?page_id=40"},"modified":"2023-05-05T11:52:40","modified_gmt":"2023-05-05T11:52:40","slug":"contacto","status":"publish","type":"page","link":"http:\/\/iguana-tango.com\/","title":{"rendered":"CONTACTO"},"content":{"rendered":"\n<p>Si estas interesado en contactar con nosotros, aqu\u00ed puedes hacerlo:<\/p>\n\n\n\n<p>Discogr\u00e1fica: <a href=\"mailto:marcos@martinmusic.es\">marcos@martinmusic.es<\/a><\/p>\n\n\n\n<p>Comunicaci\u00f3n: <a href=\"mailto:marcos@martinmusic.es\">marcos@martinmusic.es<\/a><\/p>\n\n\n\n<p>Contrataci\u00f3n: <a href=\"mailto:marcos@martinmusic.es\">marcos@martinmusic.es<\/a><\/p>\n\n\n\n<p>Para el resto: <a href=\"mailto:jacobo@iguana-tango.com\">jacobo@iguana-tango.com<\/a><\/p>\n\n\n\n<p><\/p>\n","protected":false},"excerpt":{"rendered":"<p>Si estas interesado en contactar con nosotros, aqu\u00ed puedes hacerlo: Discogr\u00e1fica: marcos@martinmusic.es Comunicaci\u00f3n: marcos@martinmusic.es Contrataci\u00f3n: marcos@martinmusic.es Para el resto: jacobo@iguana-tango.com<\/p>\n","protected":false},"author":1,"featured_media":0,"parent":0,"menu_order":0,"comment_status":"closed","ping_status":"closed","template":"","meta":{"footnotes":""},"class_list":["post-40","page","type-page","status-publish","hentry"],"_links":{"self":[{"href":"http:\/\/iguana-tango.com\/index.php?rest_route=\/wp\/v2\/pages\/40","targetHints":{"allow":["GET"]}}],"collection":[{"href":"http:\/\/iguana-tango.com\/index.php?rest_route=\/wp\/v2\/pages"}],"about":[{"href":"http:\/\/iguana-tango.com\/index.php?rest_route=\/wp\/v2\/types\/page"}],"author":[{"embeddable":true,"href":"http:\/\/iguana-tango.com\/index.php?rest_route=\/wp\/v2\/users\/1"}],"replies":[{"embeddable":true,"href":"http:\/\/iguana-tango.com\/index.php?rest_route=%2Fwp%2Fv2%2Fcomments&post=40"}],"version-history":[{"count":3,"href":"http:\/\/iguana-tango.com\/index.php?rest_route=\/wp\/v2\/pages\/40\/revisions"}],"predecessor-version":[{"id":57,"href":"http:\/\/iguana-tango.com\/index.php?rest_route=\/wp\/v2\/pages\/40\/revisions\/57"}],"wp:attachment":[{"href":"http:\/\/iguana-tango.com\/index.php?rest_route=%2Fwp%2Fv2%2Fmedia&parent=40"}],"curies":[{"name":"wp","href":"https:\/\/api.w.org\/{rel}","templated":true}]}}